{"id":766,"date":"2025-09-11T14:31:30","date_gmt":"2025-09-11T12:31:30","guid":{"rendered":"https:\/\/wilczyszaniec.stronywwwpomorze.pl\/kontakt\/"},"modified":"2025-12-31T13:08:53","modified_gmt":"2025-12-31T12:08:53","slug":"kontakt","status":"publish","type":"page","link":"https:\/\/wilczy-szaniec.pl\/en\/kontakt\/","title":{"rendered":"contact"},"content":{"rendered":"<section class=\"u-clearfix u-image u-shading u-section-2\" id=\"sec-fb71\" data-image-width=\"6000\" data-image-height=\"4000\" style=\"background-image: linear-gradient(0deg, rgba(0, 0, 0, 0.5), rgba(0, 0, 0, 0.5)), url(&quot;https:\/\/wilczy-szaniec.pl\/wp-content\/uploads\/2025\/09\/WS22-min.jpg&quot;);\">\n      <div class=\"u-clearfix u-sheet u-sheet-1\">\n        <h1 class=\"u-align-center-md u-align-center-sm u-align-center-xs u-text u-text-default u-text-1\" data-animation-name=\"customAnimationIn\" data-animation-duration=\"1000\" data-animation-delay=\"0\" data-animation-out=\"0\">Contact<\/h1>\n      <\/div>\n    <\/section>\n    <section class=\"u-clearfix u-section-3\" id=\"sec-b1c5\">\n      <div class=\"u-clearfix u-sheet u-sheet-1\">\n        <div class=\"data-layout-selected u-clearfix u-expanded-width u-layout-wrap u-layout-wrap-1\">\n          <div class=\"u-layout\">\n            <div class=\"u-layout-row\">\n              <div class=\"u-container-style u-layout-cell u-size-30-lg u-size-30-xl u-size-60-md u-size-60-sm u-size-60-xs u-layout-cell-1\" data-animation-name=\"customAnimationIn\" data-animation-duration=\"1000\" data-animation-delay=\"500\">\n                <div class=\"u-container-layout u-valign-top u-container-layout-1\">\n                  <h2 class=\"u-align-center u-text u-text-default u-text-1\">Contact us<\/h2>\n                  <h3 class=\"u-align-center u-text u-text-default u-text-2\">We invite you!<\/h3>\n                  <div class=\"u-align-center u-border-1 u-border-grey-dark-1 u-line u-line-horizontal u-line-1\"><\/div>\n                  <img decoding=\"async\" class=\"u-image u-image-contain u-image-default u-image-1\" src=\"https:\/\/wilczy-szaniec.pl\/wp-content\/uploads\/2025\/09\/Beznazwy-3-scaled.png\" alt=\"\" data-image-width=\"2579\" data-image-height=\"948\" data-href=\"https:\/\/wilczy-szaniec.pl\/strona-glowna\/\" title=\"Homepage\">\n                  <p class=\"u-align-center u-heading-font u-text u-text-3\"> Gier\u0142o\u017c 5, 11-400 K\u0119trzyn, Poland<\/p>\n                  <h3 class=\"u-align-center u-text u-text-default u-text-4\">Contact to the center:<\/h3>\n                  <a href=\"mailto:kontakt@wilczy-szaniec.pl?subject=Kontakt%20Wilczy%20Szaniec\" class=\"u-active-none u-align-center u-bottom-left-radius-0 u-bottom-right-radius-0 u-btn u-btn-rectangle u-button-style u-hover-none u-none u-radius-0 u-text-hover-palette-1-base u-top-left-radius-0 u-top-right-radius-0 u-btn-1\"> &nbsp;<span class=\"u-file-icon u-icon u-icon-1\"><img decoding=\"async\" src=\"https:\/\/wilczy-szaniec.pl\/wp-content\/uploads\/2025\/09\/546394.png\" alt=\"\"><\/span>kontakt@wilczy-szaniec.pl\n                  <\/a>\n                  <a href=\"tel:+48897410031\" class=\"u-active-none u-align-center u-bottom-left-radius-0 u-bottom-right-radius-0 u-btn u-btn-rectangle u-button-style u-hover-none u-none u-radius-0 u-text-hover-palette-1-base u-top-left-radius-0 u-top-right-radius-0 u-btn-2\"> &nbsp;<span class=\"u-icon\"><\/span>\n                    <span class=\"u-file-icon u-icon u-icon-3\"><img decoding=\"async\" src=\"https:\/\/wilczy-szaniec.pl\/wp-content\/uploads\/2025\/09\/126509.png\" alt=\"\"><\/span>+48 (89) 741 00 31\n                  <\/a>\n                  <h3 class=\"u-align-center u-text u-text-default u-text-5\">Group tours:<\/h3>\n                  <a href=\"mailto:grupy@wilczy-szaniec.pl?subject=Kontakt%20Wilczy%20Szaniec\" class=\"u-active-none u-align-center u-bottom-left-radius-0 u-bottom-right-radius-0 u-btn u-btn-rectangle u-button-style u-hover-none u-none u-radius-0 u-text-hover-palette-1-base u-top-left-radius-0 u-top-right-radius-0 u-btn-3\"> &nbsp;<span class=\"u-file-icon u-icon u-icon-4\"><img decoding=\"async\" src=\"https:\/\/wilczy-szaniec.pl\/wp-content\/uploads\/2025\/09\/546394.png\" alt=\"\"><\/span>grupy@wilczy-szaniec.pl\n                  <\/a>\n                  <a href=\"tel:+48897410021\" class=\"u-active-none u-align-center u-bottom-left-radius-0 u-bottom-right-radius-0 u-btn u-btn-rectangle u-button-style u-hover-none u-none u-radius-0 u-text-hover-palette-1-base u-top-left-radius-0 u-top-right-radius-0 u-btn-4\"> &nbsp;<span class=\"u-icon\"><\/span>\n                    <span class=\"u-file-icon u-icon u-icon-6\"><img decoding=\"async\" src=\"https:\/\/wilczy-szaniec.pl\/wp-content\/uploads\/2025\/09\/126509.png\" alt=\"\"><\/span>+48 (89) 741 00 21\n                  <\/a>\n                  <h3 class=\"u-align-center u-text u-text-default u-text-6\">Accommodation:<\/h3>\n                  <a href=\"mailto:nocleg@wilczy-szaniec.pl?subject=Kontakt%20Wilczy%20Szaniec\" class=\"u-active-none u-align-center u-bottom-left-radius-0 u-bottom-right-radius-0 u-btn u-btn-rectangle u-button-style u-hover-none u-none u-radius-0 u-text-hover-palette-1-base u-top-left-radius-0 u-top-right-radius-0 u-btn-5\"> &nbsp;<span class=\"u-file-icon u-icon u-icon-7\"><img decoding=\"async\" src=\"https:\/\/wilczy-szaniec.pl\/wp-content\/uploads\/2025\/09\/546394.png\" alt=\"\"><\/span>nocleg@wilczy-szaniec.pl\n                  <\/a>\n                  <a href=\"tel:+48897410031\" class=\"u-active-none u-align-center u-bottom-left-radius-0 u-bottom-right-radius-0 u-btn u-btn-rectangle u-button-style u-hover-none u-none u-radius-0 u-text-hover-palette-1-base u-top-left-radius-0 u-top-right-radius-0 u-btn-6\"> &nbsp;<span class=\"u-icon\"><\/span>\n                    <span class=\"u-file-icon u-icon u-icon-9\"><img decoding=\"async\" src=\"https:\/\/wilczy-szaniec.pl\/wp-content\/uploads\/2025\/09\/126509.png\" alt=\"\"><\/span>+48 (89) 741 00 31\n                  <\/a>\n                <\/div>\n              <\/div>\n              <div class=\"u-container-style u-layout-cell u-size-30-lg u-size-30-xl u-size-60-md u-size-60-sm u-size-60-xs u-layout-cell-2\" data-animation-name=\"customAnimationIn\" data-animation-duration=\"1000\" data-animation-delay=\"500\">\n                <div class=\"u-container-layout u-container-layout-2\">\n                  <div class=\"u-expanded-width u-form u-white u-form-1\">\n                            <script>\n            function onSuccess(event) {\n                if (typeof window.serviceRequest !== 'undefined') {\n                    window.serviceRequest(jQuery(this).find('form'));\n                }\n                var msgContainer = jQuery(event.currentTarget).find('.wpcf7-response-output');\n                msgContainer.removeClass('u-form-send-error').addClass('u-form-send-message u-form-send-success');\n                msgContainer.show();\n                var redirectAddress = jQuery(event.currentTarget).find('[redirect-address]').attr('redirect-address');\n                if (redirectAddress) {\n                    setTimeout(function () {\n                        location.replace(redirectAddress);\n                    }, 2000);\n                }\n            }\n            function onError(event) {\n                var msgContainer = jQuery(event.currentTarget).find('.wpcf7-response-output');\n                msgContainer.removeClass('u-form-send-success').addClass('u-form-send-message u-form-send-error');\n                msgContainer.show();\n            }\n\n            jQuery('body')\n                .on('wpcf7mailsent',   '.u-form .wpcf7', onSuccess)\n                .on('wpcf7invalid',    '.u-form .wpcf7', onError)\n                .on('wpcf7:unaccepted', '.u-form .wpcf7', onError)\n                .on('wpcf7spam',       '.u-form .wpcf7', onError)\n                .on('wpcf7:aborted',    '.u-form .wpcf7', onError)\n                .on('wpcf7mailfailed', '.u-form .wpcf7', onError);\n        <\/script>\n        <style>\n            .u-form .wpcf7-response-output {\n                \/*position: relative !important;*\/\n                margin: 0 !important;\n                bottom: -70px!important;\n            }\n            .u-form .wpcf7 .ajax-loader {\n                margin-left: -24px;\n                margin-right: 0;\n            }\n        <\/style>\n\n<div class=\"wpcf7 no-js\" id=\"wpcf7-f1000-o1\" lang=\"pl-PL\" dir=\"ltr\" data-wpcf7-id=\"1000\">\n<div class=\"screen-reader-response\"><p role=\"status\" aria-live=\"polite\" aria-atomic=\"true\"><\/p> <ul><\/ul><\/div>\n<form style=\"padding: 30px;\" action=\"\/en\/wp-json\/wp\/v2\/pages\/766#wpcf7-f1000-o1\" method=\"post\" class=\"wpcf7-form init u-clearfix u-form-spacing-30 u-form-vertical u-inner-form u-form-custom-backend\" aria-label=\"Contact form\" novalidate=\"novalidate\" data-status=\"init\" data-trp-original-action=\"\/en\/wp-json\/wp\/v2\/pages\/766#wpcf7-f1000-o1\">\n<fieldset class=\"hidden-fields-container\"><input type=\"hidden\" name=\"_wpcf7\" value=\"1000\" \/><input type=\"hidden\" name=\"_wpcf7_version\" value=\"6.1.4\" \/><input type=\"hidden\" name=\"_wpcf7_locale\" value=\"pl_PL\" \/><input type=\"hidden\" name=\"_wpcf7_unit_tag\" value=\"wpcf7-f1000-o1\" \/><input type=\"hidden\" name=\"_wpcf7_container_post\" value=\"0\" \/><input type=\"hidden\" name=\"_wpcf7_posted_data_hash\" value=\"\" \/>\n<\/fieldset>\n\n                      <p class=\"u-align-center u-custom-font u-form-group wpcf7-form-control-wrap u-form-text u-heading-font u-label-none u-text u-text-7\">Send a message<\/p>\n                      <div class=\"u-form-group wpcf7-form-control-wrap u-form-name u-label-none\">\n                        <label for=\"name-5101\" class=\"u-label\">Nazwa<\/label>\n                        <input type=\"text\" placeholder=\"Name\" id=\"name-5101\" name=\"name1\" class=\"u-border-no-left u-border-no-right u-border-no-top u-input wpcf7-form-control u-input-rectangle\" required=\"\">\n                      <\/div>\n                      <div class=\"u-form-group wpcf7-form-control-wrap u-label-none u-form-group wpcf7-form-control-wrap-3\">\n                        <label for=\"text-14de\" class=\"u-label\">Input<\/label>\n                        <input type=\"text\" placeholder=\"Phone\" id=\"text-14de\" name=\"text\" class=\"u-border-no-left u-border-no-right u-border-no-top u-input wpcf7-form-control u-input-rectangle\" required=\"required\">\n                      <\/div>\n                      <div class=\"u-form-email u-form-group wpcf7-form-control-wrap u-label-none\">\n                        <label for=\"email-5101\" class=\"u-label\">E-mail<\/label>\n                        <input type=\"email\" placeholder=\"E-mail\" id=\"email-5101\" name=\"email\" class=\"u-border-no-left u-border-no-right u-border-no-top u-input wpcf7-form-control u-input-rectangle\" required=\"\">\n                      <\/div>\n                      <div class=\"u-form-group wpcf7-form-control-wrap u-form-message u-label-none\">\n                        <label for=\"message-5101\" class=\"u-label\">Message<\/label>\n                        <textarea placeholder=\"Message\" rows=\"4\" cols=\"50\" id=\"message-5101\" name=\"message\" class=\"u-border-no-left u-border-no-right u-border-no-top u-input wpcf7-form-control u-input-rectangle\" required=\"\"><\/textarea>\n                      <\/div>\n                      <p class=\"u-align-left u-form-group wpcf7-form-control-wrap u-form-text u-label-none u-text u-text-8\"> I am familiar with <a href=\"https:\/\/wilczy-szaniec.pl\/en\/polityka-prywatnosci\/\" class=\"u-active-none u-border-none u-btn u-button-link u-button-style u-hover-none u-none u-text-palette-1-base u-btn-7\" title=\"privacy-policy\" target=\"_blank\">Policy Privacy <\/a>serwisu www.wilczy-szaniec.pl oraz wyra\u017cam zgod\u0119 na przetwarzanie mojego adresu e-mail w celu otrzymania oferty. Administratorem Twoich danych osobowych jest \u200b\u200bO\u015brodek Edukacji Historyczno-Przyrodniczej \"Wilczy Szaniec\" Nadle\u015bnictwa Srokowo, NIP: 7420006993, REGON: 511001142. Przys\u0142uguje Ci prawo wniesienia sprzeciwu, prawo dost\u0119pu do danych, prawo \u017c\u0105dania ich sprostowania, ich usuni\u0119cia lub ograniczenia ich przetwarzania, a tak\u017ce ich przenoszenia. \n                      <\/p>\n                      <div class=\"u-align-center u-form-group wpcf7-form-control-wrap u-form-submit wpcf7-form-control u-label-none\">\n                        <a href=\"#\" class=\"u-active-palette-5-base u-border-none u-btn u-btn-submit wpcf7-submit u-button-style u-hover-palette-1-dark-1 u-btn-8\">wy\u015blij<\/a>\n                        <input type=\"submit\" value=\"submit\" class=\"u-form-control-hidden\">\n                      <\/div>\n                      <div class=\"u-form-send-message u-form-send-success\"> Dzi\u0119kujemy! Twoja wiadomo\u015b\u0107 zosta\u0142a wys\u0142ana! <\/div>\n                      <div class=\"u-form-send-error u-form-send-message\"> Przepraszamy, wiadomo\u015b\u0107 nie mog\u0142a zosta\u0107 wys\u0142ana. Popraw b\u0142\u0119dy i spr\u00f3buj ponownie. <\/div>\n                      <input type=\"hidden\" value=\"\" name=\"recaptchaResponse\">\n                    <input type=\"hidden\" name=\"_contact7_backend\" value=\"1\"><div class=\"wpcf7-response-output\" aria-hidden=\"true\"><\/div>\n<input type=\"hidden\" name=\"trp-form-language\" value=\"en\"\/><\/form>\n<\/div>\n\n                  <\/div>\n                <\/div>\n              <\/div>\n            <\/div>\n          <\/div>\n        <\/div>\n      <\/div>\n    <\/section>\n    <section class=\"u-clearfix u-section-4\" id=\"block-2\">\n      <div class=\"u-clearfix u-sheet u-sheet-1\">\n        <div class=\"data-layout-selected u-clearfix u-expanded-width u-gutter-20 u-layout-wrap u-layout-wrap-1\">\n          <div class=\"u-layout\">\n            <div class=\"u-layout-row\">\n              <div class=\"u-container-style u-layout-cell u-size-30 u-white u-layout-cell-1\">\n                <div class=\"u-container-layout u-container-layout-1\">\n                  <h2 class=\"u-text u-text-default u-text-1\">Company details:<br>\n                    <br>\n                  <\/h2>\n                  <p class=\"u-text u-text-default u-text-2\">Company name: Nadle\u015bnictwo Srokowo<br>Company address: st Le\u015bna 1, 11-420 Srokowo<br>NIP: 742 000 69 93<br>REGON: 511001142<br>srokowo@olsztyn.lasy.gov.pl\n                  <\/p>\n                <\/div>\n              <\/div>\n              <div class=\"u-container-style u-layout-cell u-size-30 u-white u-layout-cell-2\">\n                <div class=\"u-container-layout u-container-layout-2\">\n                  <h2 class=\"u-text u-text-default u-text-3\">Account for bank transfers:<\/h2>\n                  <p class=\"u-text u-text-default u-text-4\">Name: Nadle\u015bnictwo Srokowo<br>st Le\u015bna 1, 11-420 Srokowo<br>Bank account: BO\u015a S.A O\/OLSZTYN<br>98 1540 1072 2001 5013 8006 0001<br>\n                    <br>For foreign transfers:<br>SWIFT\/BIC code - EBOSPLPWXXX<br>IBAN PL98154010722001501380060001\n                  <\/p>\n                <\/div>\n              <\/div>\n            <\/div>\n          <\/div>\n        <\/div>\n      <\/div>\n    <\/section>\n    <section class=\"u-clearfix u-section-5\" id=\"block-1\">\n      <div class=\"u-absolute-hcenter u-expanded u-grey-light-2 u-map\">\n        <div class=\"embed-responsive\">\n          <iframe class=\"embed-responsive-item\" src=\"https:\/\/maps.google.com\/maps?output=embed&amp;q=Wilczy%20Szaniec&amp;z=12&amp;t=m\" data-map=\"JTdCJTIyYWRkcmVzcyUyMiUzQSUyMldpbGN6eSUyMFN6YW5pZWMlMjIlMkMlMjJ6b29tJTIyJTNBMTIlMkMlMjJ0eXBlSWQlMjIlM0ElMjJyb2FkJTIyJTJDJTIybGFuZyUyMiUzQW51bGwlMkMlMjJhcGlLZXklMjIlM0FudWxsJTJDJTIybWFya2VycyUyMiUzQSU1QiU1RCU3RA==\"><\/iframe>\n        <\/div>\n      <\/div>\n    <\/section>","protected":false},"excerpt":{"rendered":"<p>Kontakt Skontaktuj si\u0119 Zapraszamy! Gier\u0142o\u017c 5, 11-400 K\u0119trzyn, Polska Kontakt do o\u015brodka: &nbsp;kontakt@wilczy-szaniec.pl &nbsp; +48 (89) 741 00 31 Zwiedzanie grupowe: &nbsp;grupy@wilczy-szaniec.pl &nbsp; +48 (89) 741 00 21 Noclegi: &nbsp;nocleg@wilczy-szaniec.pl &nbsp; +48 (89) 741 00 31 Wy\u015blij wiadomo\u015b\u0107 Nazwa Input E-mail Wiadomo\u015b\u0107 Zapozna\u0142em\/am si\u0119 z Polityk\u0105 Prywatno\u015bci serwisu www.wilczy-szaniec.pl oraz wyra\u017cam zgod\u0119 na przetwarzanie mojego &hellip; <a href=\"https:\/\/wilczy-szaniec.pl\/en\/kontakt\/\" class=\"more-link\">Continue reading<span class=\"screen-reader-text\"> &#8222;kontakt&#8221;<\/span><\/a><\/p>","protected":false},"author":1,"featured_media":0,"parent":0,"menu_order":12,"comment_status":"closed","ping_status":"closed","template":"","meta":{"footnotes":""},"class_list":["post-766","page","type-page","status-publish","hentry"],"_links":{"self":[{"href":"https:\/\/wilczy-szaniec.pl\/en\/wp-json\/wp\/v2\/pages\/766","targetHints":{"allow":["GET"]}}],"collection":[{"href":"https:\/\/wilczy-szaniec.pl\/en\/wp-json\/wp\/v2\/pages"}],"about":[{"href":"https:\/\/wilczy-szaniec.pl\/en\/wp-json\/wp\/v2\/types\/page"}],"author":[{"embeddable":true,"href":"https:\/\/wilczy-szaniec.pl\/en\/wp-json\/wp\/v2\/users\/1"}],"replies":[{"embeddable":true,"href":"https:\/\/wilczy-szaniec.pl\/en\/wp-json\/wp\/v2\/comments?post=766"}],"version-history":[{"count":6,"href":"https:\/\/wilczy-szaniec.pl\/en\/wp-json\/wp\/v2\/pages\/766\/revisions"}],"predecessor-version":[{"id":1001,"href":"https:\/\/wilczy-szaniec.pl\/en\/wp-json\/wp\/v2\/pages\/766\/revisions\/1001"}],"wp:attachment":[{"href":"https:\/\/wilczy-szaniec.pl\/en\/wp-json\/wp\/v2\/media?parent=766"}],"curies":[{"name":"wp","href":"https:\/\/api.w.org\/{rel}","templated":true}]}}